{"id":1612,"date":"2026-02-09T11:57:05","date_gmt":"2026-02-09T11:57:05","guid":{"rendered":"https:\/\/researchchemicals.eu\/?post_type=product&#038;p=1612"},"modified":"2026-02-20T15:56:40","modified_gmt":"2026-02-20T15:56:40","slug":"dck","status":"publish","type":"product","link":"https:\/\/researchchemicals.eu\/pl\/produkt\/dck\/","title":{"rendered":"DCK 20mg granulki"},"content":{"rendered":"<h3 data-start=\"4311\" data-end=\"4330\"><strong data-start=\"4315\" data-end=\"4330\">Wprowadzenie<\/strong><\/h3>\n<p data-start=\"4331\" data-end=\"4627\"><span class=\"___SBox_4905a-ko_ ___SText_1ifhk-ko_\" data-ui-name=\"Link.Text\">Kup 2f dck, 2f dck<\/span>, Nasz <strong data-start=\"4336\" data-end=\"4363\">Granulki badawcze 20 mg<\/strong> zosta\u0142y starannie opracowane dla <strong data-start=\"4396\" data-end=\"4452\">badania analityczne, kryminalistyczne i naukowe<\/strong>.<br data-start=\"4453\" data-end=\"4456\" \/>Ka\u017cdy pellet jest produkowany pod <strong data-start=\"4492\" data-end=\"4522\">\u015bcis\u0142a kontrola jako\u015bci<\/strong> do <strong data-start=\"4526\" data-end=\"4577\">Czysto\u015b\u0107, sp\u00f3jno\u015b\u0107 i powtarzalno\u015b\u0107<\/strong> gwarancja w profesjonalnych laboratoriach.<\/p>\n<p data-start=\"4629\" data-end=\"4816\">Pelety te s\u0105 idealne do <strong data-start=\"4659\" data-end=\"4730\">testy ilo\u015bciowe, badania kalibracyjne i analizy por\u00f3wnawcze<\/strong>.<br data-start=\"4731\" data-end=\"4734\" \/>Ka\u017cda partia jest dok\u0142adnie testowana pod k\u0105tem <strong data-start=\"4769\" data-end=\"4813\">niezawodno\u015b\u0107 i stabilno\u015b\u0107 chemiczna<\/strong>.<\/p>\n<blockquote data-start=\"4817\" data-end=\"4926\">\n<p data-start=\"4819\" data-end=\"4926\">\u26a0\ufe0f <strong data-start=\"4822\" data-end=\"4926\">Przeznaczony wy\u0142\u0105cznie do u\u017cytku laboratoryjnego. Nie nadaje si\u0119 do spo\u017cycia przez ludzi lub zwierz\u0119ta.<\/strong><\/p>\n<\/blockquote>\n<h3 data-start=\"4933\" data-end=\"4964\"><strong data-start=\"4937\" data-end=\"4964\">Najwa\u017cniejsze cechy<\/strong><\/h3>\n<ul data-start=\"4965\" data-end=\"5429\">\n<li data-start=\"4965\" data-end=\"5035\">\n<p data-start=\"4967\" data-end=\"5035\"><strong data-start=\"4967\" data-end=\"4993\">Wysoka czysto\u015b\u0107 (\u226599%)<\/strong> - Niezale\u017cnie przetestowane i zweryfikowane.<\/p>\n<\/li>\n<li data-start=\"5036\" data-end=\"5118\">\n<p data-start=\"5038\" data-end=\"5118\"><strong data-start=\"5038\" data-end=\"5069\">Precyzyjne dawkowanie 20 mg<\/strong> - Zapewnia sp\u00f3jne wyniki bada\u0144.<\/p>\n<\/li>\n<li data-start=\"5119\" data-end=\"5191\">\n<p data-start=\"5121\" data-end=\"5191\"><strong data-start=\"5121\" data-end=\"5147\">Stabilny sk\u0142ad<\/strong> - Zaprojektowany z my\u015bl\u0105 o d\u0142ugoterminowej trwa\u0142o\u015bci.<\/p>\n<\/li>\n<li data-start=\"5192\" data-end=\"5277\">\n<p data-start=\"5194\" data-end=\"5277\"><strong data-start=\"5194\" data-end=\"5219\">Jako\u015b\u0107 laboratoryjna<\/strong> - Wyprodukowane zgodnie z mi\u0119dzynarodowymi standardami jako\u015bci.<\/p>\n<\/li>\n<li data-start=\"5278\" data-end=\"5352\">\n<p data-start=\"5280\" data-end=\"5352\"><strong data-start=\"5280\" data-end=\"5302\">Bezpieczne opakowanie<\/strong> - Chroni przed wilgoci\u0105, \u015bwiat\u0142em i zanieczyszczeniami.<\/p>\n<\/li>\n<li data-start=\"5353\" data-end=\"5429\">\n<p data-start=\"5355\" data-end=\"5429\"><strong data-start=\"5355\" data-end=\"5380\">Tylko do cel\u00f3w badawczych<\/strong> - Przeznaczony wy\u0142\u0105cznie do u\u017cytku analitycznego.<\/p>\n<\/li>\n<\/ul>\n<h3 data-start=\"5436\" data-end=\"5453\"><strong data-start=\"5440\" data-end=\"5453\">Zalety<\/strong><\/h3>\n<ul data-start=\"5454\" data-end=\"5946\">\n<li data-start=\"5454\" data-end=\"5538\">\n<p data-start=\"5456\" data-end=\"5538\"><strong data-start=\"5456\" data-end=\"5492\">Wiarygodne wyniki bada\u0144<\/strong> - Dok\u0142adne i powtarzalne dane.<\/p>\n<\/li>\n<li data-start=\"5539\" data-end=\"5615\">\n<p data-start=\"5541\" data-end=\"5615\"><strong data-start=\"5541\" data-end=\"5566\">Sta\u0142a jako\u015b\u0107<\/strong> - Zmniejsza zmienno\u015b\u0107 wynik\u00f3w ankiet.<\/p>\n<\/li>\n<li data-start=\"5616\" data-end=\"5731\">\n<p data-start=\"5618\" data-end=\"5731\"><strong data-start=\"5618\" data-end=\"5668\">Zoptymalizowany pod k\u0105tem analizy naukowej<\/strong> - Odpowiedni do kalibracji i zastosowa\u0144 spektroskopowych.<\/p>\n<\/li>\n<li data-start=\"5732\" data-end=\"5839\">\n<p data-start=\"5734\" data-end=\"5839\"><strong data-start=\"5734\" data-end=\"5771\">Etyczne i legalne wytwarzanie<\/strong> - Zgodnie z przepisami dotycz\u0105cymi bada\u0144 i bezpiecze\u0144stwa.<\/p>\n<\/li>\n<li data-start=\"5840\" data-end=\"5946\">\n<p data-start=\"5842\" data-end=\"5946\"><strong data-start=\"5842\" data-end=\"5869\">Testowane naukowo<\/strong> - Ka\u017cda partia jest sprawdzana pod k\u0105tem to\u017csamo\u015bci, czysto\u015bci i stabilno\u015bci.<\/p>\n<\/li>\n<\/ul>\n<h3 data-start=\"5953\" data-end=\"5968\"><strong data-start=\"5957\" data-end=\"5968\">U\u017cycie<\/strong><\/h3>\n<ol data-start=\"5969\" data-end=\"6411\">\n<li data-start=\"5969\" data-end=\"6070\">\n<p data-start=\"5972\" data-end=\"6070\"><strong data-start=\"5972\" data-end=\"6007\">Tylko do u\u017cytku laboratoryjnego<\/strong> - U\u017cywa\u0107 wy\u0142\u0105cznie w zatwierdzonych instytucjach badawczych.<\/p>\n<\/li>\n<li data-start=\"6071\" data-end=\"6152\">\n<p data-start=\"6074\" data-end=\"6152\"><strong data-start=\"6074\" data-end=\"6084\">Przechowywanie<\/strong> - Przechowywa\u0107 w ch\u0142odnym, suchym i ciemnym miejscu. Przechowywa\u0107 opakowanie szczelnie zamkni\u0119te.<\/p>\n<\/li>\n<li data-start=\"6153\" data-end=\"6241\">\n<p data-start=\"6156\" data-end=\"6241\"><strong data-start=\"6156\" data-end=\"6173\">Bezpieczna praca<\/strong> - Nosi\u0107 r\u0119kawice, fartuch laboratoryjny i sprz\u0119t ochronny.<\/p>\n<\/li>\n<li data-start=\"6242\" data-end=\"6321\">\n<p data-start=\"6245\" data-end=\"6321\"><strong data-start=\"6245\" data-end=\"6257\">Pomiary<\/strong> - W celu zapewnienia precyzji analitycznej nale\u017cy u\u017cywa\u0107 skalibrowanego sprz\u0119tu.<\/p>\n<\/li>\n<li data-start=\"6322\" data-end=\"6411\">\n<p data-start=\"6325\" data-end=\"6411\"><strong data-start=\"6325\" data-end=\"6352\">Ostrze\u017cenie dotycz\u0105ce bezpiecze\u0144stwa<\/strong> - Nie nadaje si\u0119 do spo\u017cycia przez ludzi i zwierz\u0119ta.<\/p>\n<\/li>\n<\/ol>\n<h3 data-start=\"6418\" data-end=\"6445\"><strong data-start=\"6422\" data-end=\"6445\">Cz\u0119sto zadawane pytania<\/strong><\/h3>\n<p data-start=\"6447\" data-end=\"6632\"><strong data-start=\"6447\" data-end=\"6503\">1. Do czego s\u0142u\u017c\u0105 granulki badawcze 20 mg?<\/strong><br data-start=\"6503\" data-end=\"6506\" \/>S\u0105 one u\u017cywane do <strong data-start=\"6530\" data-end=\"6574\">badania naukowe i analityczne<\/strong>, takich jak kalibracja i kontrolowane testy laboratoryjne.<\/p>\n<p data-start=\"6634\" data-end=\"6796\"><strong data-start=\"6634\" data-end=\"6701\">2. Czy te granulki mog\u0105 by\u0107 u\u017cywane poza laboratorium?<\/strong><br data-start=\"6701\" data-end=\"6704\" \/>Nie. Te produkty s\u0105 <strong data-start=\"6729\" data-end=\"6793\">przeznaczone wy\u0142\u0105cznie do profesjonalnych bada\u0144 laboratoryjnych<\/strong>.<\/p>\n<p data-start=\"6798\" data-end=\"6945\"><strong data-start=\"6798\" data-end=\"6842\">3. Jak nale\u017cy przechowywa\u0107 granulat?<\/strong><br data-start=\"6842\" data-end=\"6845\" \/>Trzymaj je w ich <strong data-start=\"6862\" data-end=\"6899\">oryginalne, hermetyczne opakowanie<\/strong>, na <strong data-start=\"6908\" data-end=\"6942\">ch\u0142odne, suche i ciemne miejsce<\/strong>.<\/p>\n<h3 data-start=\"6952\" data-end=\"6970\"><strong data-start=\"6956\" data-end=\"6970\">Zastrze\u017cenie<\/strong><\/h3>\n<p data-start=\"6971\" data-end=\"7188\">Ten produkt jest <strong data-start=\"6986\" data-end=\"7035\">przeznaczone wy\u0142\u0105cznie do cel\u00f3w badawczych<\/strong>. <strong data-start=\"7037\" data-end=\"7095\">Nie nadaje si\u0119 do spo\u017cycia przez ludzi i zwierz\u0119ta.<\/strong><br data-start=\"7095\" data-end=\"7098\" \/>Dokonuj\u0105c zakupu, u\u017cytkownik o\u015bwiadcza, \u017ce przestrzega obowi\u0105zuj\u0105cych przepis\u00f3w prawa i zasad bezpiecze\u0144stwa.<\/p>\n<p data-start=\"6971\" data-end=\"7188\"><a href=\"https:\/\/researchchemicals.eu\/pl\/shop\/okategoriserad\/4mmc-kopen\/\">Kup 4mmc<\/a><a href=\"https:\/\/researchchemicals.eu\/pl\/shop\/okategoriserad\/benzocaine-powder\/\">benzokaina w proszku<\/a><a href=\"https:\/\/researchchemicals.eu\/pl\/shop\/okategoriserad\/fentanyl-kopen\/\">kupi\u0107 fentanyl<\/a><\/p>","protected":false},"excerpt":{"rendered":"<h3><span dir=\"auto\" style=\"vertical-align: inherit;\"><span dir=\"auto\" style=\"vertical-align: inherit;\">DCK properties<\/span><\/span><\/h3>\n<p><strong><span dir=\"auto\" style=\"vertical-align: inherit;\"><span dir=\"auto\" style=\"vertical-align: inherit;\">Synonym:<\/span><\/span><\/strong><span dir=\"auto\" style=\"vertical-align: inherit;\"><span dir=\"auto\" style=\"vertical-align: inherit;\"> \u00a02\u2032-oxo-PCM, deschloroketamine <\/span><\/span><br \/>\n<strong><span dir=\"auto\" style=\"vertical-align: inherit;\"><span dir=\"auto\" style=\"vertical-align: inherit;\">CAS Number:<\/span><\/span><\/strong><span dir=\"auto\" style=\"vertical-align: inherit;\"><span dir=\"auto\" style=\"vertical-align: inherit;\"> \u00a04631-27-0 <\/span><\/span><br \/>\n<strong><span dir=\"auto\" style=\"vertical-align: inherit;\"><span dir=\"auto\" style=\"vertical-align: inherit;\">Formula:<\/span><\/span><\/strong><span dir=\"auto\" style=\"vertical-align: inherit;\"><span dir=\"auto\" style=\"vertical-align: inherit;\"> \u00a02-(methylamino)-2-phenyl-cyclohexanone <\/span><\/span><br \/>\n<strong><span dir=\"auto\" style=\"vertical-align: inherit;\"><span dir=\"auto\" style=\"vertical-align: inherit;\">Molar mass:<\/span><\/span><\/strong><span dir=\"auto\" style=\"vertical-align: inherit;\"><span dir=\"auto\" style=\"vertical-align: inherit;\"> \u00a0239.7 g\/mol <\/span><\/span><br \/>\n<strong><span dir=\"auto\" style=\"vertical-align: inherit;\"><span dir=\"auto\" style=\"vertical-align: inherit;\">Purity:<\/span><\/span><\/strong><span dir=\"auto\" style=\"vertical-align: inherit;\"><span dir=\"auto\" style=\"vertical-align: inherit;\"> \u00a0&gt;97%<\/span><\/span><\/p>","protected":false},"featured_media":16965,"comment_status":"closed","ping_status":"closed","template":"","meta":[],"product_brand":[23],"product_cat":[98,559,758,71],"product_tag":[927,511,512,928,560,759,561,760,22],"class_list":{"0":"post-1612","1":"product","2":"type-product","3":"status-publish","4":"has-post-thumbnail","6":"product_brand-research-chemical","7":"product_cat-arylcyclohexylamines","8":"product_cat-dck","9":"product_cat-dck-pellets","10":"product_cat-pellets","11":"product_tag-2-fdck-kopen","12":"product_tag-2f-dck","13":"product_tag-2f-dck-kopen","14":"product_tag-2f-ketamine-kopen","15":"product_tag-dck","16":"product_tag-dck-poeder-kopen","17":"product_tag-dcks","18":"product_tag-deschloroketamine","19":"product_tag-nl","21":"first","22":"instock","23":"shipping-taxable","24":"purchasable","25":"product-type-variable"},"_links":{"self":[{"href":"https:\/\/researchchemicals.eu\/pl\/wp-json\/wp\/v2\/product\/1612","targetHints":{"allow":["GET"]}}],"collection":[{"href":"https:\/\/researchchemicals.eu\/pl\/wp-json\/wp\/v2\/product"}],"about":[{"href":"https:\/\/researchchemicals.eu\/pl\/wp-json\/wp\/v2\/types\/product"}],"replies":[{"embeddable":true,"href":"https:\/\/researchchemicals.eu\/pl\/wp-json\/wp\/v2\/comments?post=1612"}],"version-history":[{"count":3,"href":"https:\/\/researchchemicals.eu\/pl\/wp-json\/wp\/v2\/product\/1612\/revisions"}],"predecessor-version":[{"id":16443,"href":"https:\/\/researchchemicals.eu\/pl\/wp-json\/wp\/v2\/product\/1612\/revisions\/16443"}],"wp:featuredmedia":[{"embeddable":true,"href":"https:\/\/researchchemicals.eu\/pl\/wp-json\/wp\/v2\/media\/16965"}],"wp:attachment":[{"href":"https:\/\/researchchemicals.eu\/pl\/wp-json\/wp\/v2\/media?parent=1612"}],"wp:term":[{"taxonomy":"product_brand","embeddable":true,"href":"https:\/\/researchchemicals.eu\/pl\/wp-json\/wp\/v2\/product_brand?post=1612"},{"taxonomy":"product_cat","embeddable":true,"href":"https:\/\/researchchemicals.eu\/pl\/wp-json\/wp\/v2\/product_cat?post=1612"},{"taxonomy":"product_tag","embeddable":true,"href":"https:\/\/researchchemicals.eu\/pl\/wp-json\/wp\/v2\/product_tag?post=1612"}],"curies":[{"name":"wp","href":"https:\/\/api.w.org\/{rel}","templated":true}]}}