{"id":1088,"date":"2026-02-09T11:55:47","date_gmt":"2026-02-09T11:55:47","guid":{"rendered":"https:\/\/researchchemicals.eu\/?post_type=product&#038;p=1088"},"modified":"2026-02-13T11:50:35","modified_gmt":"2026-02-13T11:50:35","slug":"bromonordiazepam-2","status":"publish","type":"product","link":"https:\/\/researchchemicals.eu\/fr\/produit\/bromonordiazepam-2\/","title":{"rendered":"RC+ Bromonordiazepam 2,5mg Box"},"content":{"rendered":"<h2 data-start=\"3763\" data-end=\"3789\"><strong data-start=\"3766\" data-end=\"3789\">Description du produit<\/strong><\/h2>\n<p data-start=\"3791\" data-end=\"4114\"><strong data-start=\"3791\" data-end=\"3825\">RC+ Bromonordiazepam 2,5mg Box<\/strong> bevat <strong data-start=\"3832\" data-end=\"3864\">hoogzuivere Bromonordiazepam<\/strong>, een <strong data-start=\"3870\" data-end=\"3897\">benzodiazepine-derivaat<\/strong> dat wordt gebruikt voor <strong data-start=\"3922\" data-end=\"3975\">forensisch, analytisch en toxicologisch onderzoek<\/strong>.<br data-start=\"3976\" data-end=\"3979\" \/>Het maakt deel uit van de <strong data-start=\"4005\" data-end=\"4028\">RC+ onderzoeksserie<\/strong>, bekend om <strong data-start=\"4040\" data-end=\"4111\">hoge kwaliteit, reproduceerbare resultaten en EU-conforme productie<\/strong>.<\/p>\n<p data-start=\"4116\" data-end=\"4277\">Elke box bevat <strong data-start=\"4131\" data-end=\"4173\">2,5mg pellets van onderzoekszuiverheid<\/strong>, vervaardigd onder gecontroleerde laboratoriumomstandigheden volgens Europese veiligheidsrichtlijnen.<\/p>\n<p data-start=\"4279\" data-end=\"4415\">\u26a0\ufe0f <strong data-start=\"4282\" data-end=\"4293\">Remarque :<\/strong> Ce produit est <strong data-start=\"4309\" data-end=\"4358\">\u00e0 des fins de recherche uniquement<\/strong> et <strong data-start=\"4362\" data-end=\"4414\">ne convient pas \u00e0 l'usage humain ou animal<\/strong>.<\/p>\n<hr data-start=\"4417\" data-end=\"4420\" \/>\n<h2 data-start=\"4422\" data-end=\"4452\"><strong data-start=\"4425\" data-end=\"4452\">Caract\u00e9ristiques principales<\/strong><\/h2>\n<ul data-start=\"4454\" data-end=\"4837\">\n<li data-start=\"4454\" data-end=\"4527\">\n<p data-start=\"4456\" data-end=\"4527\"><strong data-start=\"4456\" data-end=\"4476\">Haute puret\u00e9 :<\/strong> Geschikt voor geavanceerd laboratoriumonderzoek.<\/p>\n<\/li>\n<li data-start=\"4528\" data-end=\"4610\">\n<p data-start=\"4530\" data-end=\"4610\"><strong data-start=\"4530\" data-end=\"4562\">Gestandaardiseerde Dosering:<\/strong> 2,5mg per pellet voor consistente resultaten.<\/p>\n<\/li>\n<li data-start=\"4611\" data-end=\"4684\">\n<p data-start=\"4613\" data-end=\"4684\"><strong data-start=\"4613\" data-end=\"4638\">Stabiele Formulering:<\/strong> Bestand tegen degradatie bij juiste opslag.<\/p>\n<\/li>\n<li data-start=\"4685\" data-end=\"4756\">\n<p data-start=\"4687\" data-end=\"4756\"><strong data-start=\"4687\" data-end=\"4710\">Emballage s\u00fbr :<\/strong> \u00c9tanche \u00e0 l'air et \u00e0 la contamination.<\/p>\n<\/li>\n<li data-start=\"4757\" data-end=\"4837\">\n<p data-start=\"4759\" data-end=\"4837\"><strong data-start=\"4759\" data-end=\"4786\">Conforme aux r\u00e9glementations de l'UE :<\/strong> Geproduceerd volgens Europese veiligheidsnormen.<\/p>\n<\/li>\n<\/ul>\n<hr data-start=\"4839\" data-end=\"4842\" \/>\n<h2 data-start=\"4844\" data-end=\"4878\"><strong data-start=\"4847\" data-end=\"4878\">Voordelen voor Onderzoekers<\/strong><\/h2>\n<ul data-start=\"4880\" data-end=\"5096\">\n<li data-start=\"4880\" data-end=\"4937\">\n<p data-start=\"4882\" data-end=\"4937\">Convient pour <strong data-start=\"4896\" data-end=\"4934\">enqu\u00eate analytique et m\u00e9dico-l\u00e9gale<\/strong>.<\/p>\n<\/li>\n<li data-start=\"4938\" data-end=\"4986\">\n<p data-start=\"4940\" data-end=\"4986\">Soutien <strong data-start=\"4952\" data-end=\"4983\">LC-MS, GC-MS en NMR-analyse<\/strong>.<\/p>\n<\/li>\n<li data-start=\"4987\" data-end=\"5039\">\n<p data-start=\"4989\" data-end=\"5039\">Biedt <strong data-start=\"4995\" data-end=\"5036\">referentiemonsters van hoge kwaliteit<\/strong>.<\/p>\n<\/li>\n<li data-start=\"5040\" data-end=\"5096\">\n<p data-start=\"5042\" data-end=\"5096\">Veille <strong data-start=\"5053\" data-end=\"5093\">reproduceerbare onderzoeksresultaten<\/strong>.<\/p>\n<\/li>\n<\/ul>\n<hr data-start=\"5098\" data-end=\"5101\" \/>\n<h2 data-start=\"5103\" data-end=\"5137\"><strong data-start=\"5106\" data-end=\"5137\">Utilisation (contexte de recherche)<\/strong><\/h2>\n<ol data-start=\"5139\" data-end=\"5356\">\n<li data-start=\"5139\" data-end=\"5184\">\n<p data-start=\"5142\" data-end=\"5184\">N'utiliser que dans des laboratoires agr\u00e9\u00e9s.<\/p>\n<\/li>\n<li data-start=\"5185\" data-end=\"5245\">\n<p data-start=\"5188\" data-end=\"5245\">Porter des gants, des lunettes de protection et une blouse de laboratoire.<\/p>\n<\/li>\n<li data-start=\"5246\" data-end=\"5293\">\n<p data-start=\"5249\" data-end=\"5293\">Conserver au frais, au sec et \u00e0 l'abri de la lumi\u00e8re (moins de 25\u00b0C).<\/p>\n<\/li>\n<li data-start=\"5294\" data-end=\"5356\">\n<p data-start=\"5297\" data-end=\"5356\">Verwijder resten volgens lokale veiligheidsvoorschriften.<\/p>\n<\/li>\n<\/ol>\n<blockquote data-start=\"5358\" data-end=\"5458\">\n<p data-start=\"5360\" data-end=\"5458\"><strong data-start=\"5360\" data-end=\"5371\">Remarque :<\/strong> <em data-start=\"5372\" data-end=\"5404\">RC+ Bromonordiazepam 2,5mg Box<\/em> est <strong data-start=\"5408\" data-end=\"5457\">\u00e0 des fins de recherche uniquement<\/strong>.<\/p>\n<\/blockquote>\n<hr data-start=\"5460\" data-end=\"5463\" \/>\n<h2 data-start=\"5465\" data-end=\"5499\"><strong data-start=\"5468\" data-end=\"5499\">Foire aux questions (FAQ)<\/strong><\/h2>\n<p data-start=\"5501\" data-end=\"5667\"><strong data-start=\"5501\" data-end=\"5553\">1. Waarvoor wordt RC+ Bromonordiazepam gebruikt?<\/strong><br data-start=\"5553\" data-end=\"5556\" \/>RC+ Bromonordiazepam wordt gebruikt voor <strong data-start=\"5597\" data-end=\"5635\">enqu\u00eate analytique et m\u00e9dico-l\u00e9gale<\/strong> naar benzodiazepine-analogen.<\/p>\n<p data-start=\"5669\" data-end=\"5773\"><strong data-start=\"5669\" data-end=\"5698\">2. Hoeveel bevat \u00e9\u00e9n box?<\/strong><br data-start=\"5698\" data-end=\"5701\" \/>Elke box bevat <strong data-start=\"5716\" data-end=\"5733\">2,5mg pellets<\/strong> met gestandaardiseerde samenstelling.<\/p>\n<p data-start=\"5775\" data-end=\"5916\"><strong data-start=\"5775\" data-end=\"5832\">3. Mag ik RC+ Bromonordiazepam kopen als particulier?<\/strong><br data-start=\"5832\" data-end=\"5835\" \/>Nee, dit product is alleen beschikbaar voor <strong data-start=\"5879\" data-end=\"5913\">erkende onderzoeksinstellingen<\/strong>.<\/p>\n<p><a href=\"https:\/\/researchchemicals.eu\/fr\/boutique\/lysergamides\/1cp-lsd-150-mcg\/\"><span dir=\"auto\" style=\"vertical-align: inherit;\"><span dir=\"auto\" style=\"vertical-align: inherit;\">1cP-LSD 150 MCG Art Blotters <\/span><\/span><\/a><a href=\"https:\/\/researchchemicals.eu\/fr\/boutique\/granules\/o-dsmt-50mg-pellets\/\"><span dir=\"auto\" style=\"vertical-align: inherit;\"><span dir=\"auto\" style=\"vertical-align: inherit;\">O-DSMT 50mg Pellets <\/span><\/span><\/a><a href=\"https:\/\/researchchemicals.eu\/fr\/boutique\/lysergamides\/1v-lsd-150-mcg-blotters\/\"><span dir=\"auto\" style=\"vertical-align: inherit;\"><span dir=\"auto\" style=\"vertical-align: inherit;\">1V-LSD 150 MCG Blotters <\/span><\/span><\/a><a href=\"https:\/\/researchchemicals.eu\/fr\/boutique\/presque-interdit\/6-cl-adba\/\"><span dir=\"auto\" style=\"vertical-align: inherit;\"><span dir=\"auto\" style=\"vertical-align: inherit;\">6-CL-ADBA <\/span><\/span><\/a><a href=\"https:\/\/researchchemicals.eu\/fr\/boutique\/cathinonen\/2-cmc-kopen\/\"><span dir=\"auto\" style=\"vertical-align: inherit;\"><span dir=\"auto\" style=\"vertical-align: inherit;\">2-CMC 250mg granul\u00e9s<\/span><\/span><\/a><\/p>","protected":false},"excerpt":{"rendered":"<p>Productbeschrijving RC+ Bromonordiazepam 2,5mg Box bevat hoogzuivere Bromonordiazepam, een benzodiazepine-derivaat dat wordt gebruikt voor forensisch, analytisch en toxicologisch onderzoek.Het maakt<\/p>","protected":false},"featured_media":1118,"comment_status":"closed","ping_status":"closed","template":"","meta":[],"product_brand":[],"product_cat":[468],"product_tag":[502,22],"class_list":{"0":"post-1088","1":"product","2":"type-product","3":"status-publish","4":"has-post-thumbnail","6":"product_cat-b2b","7":"product_tag-bromonordiazepam","8":"product_tag-nl","10":"first","11":"instock","12":"shipping-taxable","13":"purchasable","14":"product-type-variable"},"_links":{"self":[{"href":"https:\/\/researchchemicals.eu\/fr\/wp-json\/wp\/v2\/product\/1088","targetHints":{"allow":["GET"]}}],"collection":[{"href":"https:\/\/researchchemicals.eu\/fr\/wp-json\/wp\/v2\/product"}],"about":[{"href":"https:\/\/researchchemicals.eu\/fr\/wp-json\/wp\/v2\/types\/product"}],"replies":[{"embeddable":true,"href":"https:\/\/researchchemicals.eu\/fr\/wp-json\/wp\/v2\/comments?post=1088"}],"version-history":[{"count":1,"href":"https:\/\/researchchemicals.eu\/fr\/wp-json\/wp\/v2\/product\/1088\/revisions"}],"predecessor-version":[{"id":16561,"href":"https:\/\/researchchemicals.eu\/fr\/wp-json\/wp\/v2\/product\/1088\/revisions\/16561"}],"wp:featuredmedia":[{"embeddable":true,"href":"https:\/\/researchchemicals.eu\/fr\/wp-json\/wp\/v2\/media\/1118"}],"wp:attachment":[{"href":"https:\/\/researchchemicals.eu\/fr\/wp-json\/wp\/v2\/media?parent=1088"}],"wp:term":[{"taxonomy":"product_brand","embeddable":true,"href":"https:\/\/researchchemicals.eu\/fr\/wp-json\/wp\/v2\/product_brand?post=1088"},{"taxonomy":"product_cat","embeddable":true,"href":"https:\/\/researchchemicals.eu\/fr\/wp-json\/wp\/v2\/product_cat?post=1088"},{"taxonomy":"product_tag","embeddable":true,"href":"https:\/\/researchchemicals.eu\/fr\/wp-json\/wp\/v2\/product_tag?post=1088"}],"curies":[{"name":"wp","href":"https:\/\/api.w.org\/{rel}","templated":true}]}}