{"id":730,"date":"2026-02-09T11:54:58","date_gmt":"2026-02-09T11:54:58","guid":{"rendered":"https:\/\/researchchemicals.eu\/?post_type=product&#038;p=730"},"modified":"2026-02-21T10:10:40","modified_gmt":"2026-02-21T10:10:40","slug":"1cp-lsd-10-mcg-pellets-mikrodosis","status":"publish","type":"product","link":"https:\/\/researchchemicals.eu\/da\/produkt\/1cp-lsd-10-mcg-pellets-mikrodosis\/","title":{"rendered":"1cP LSD 10 MCG Pellets - Mikrodosis"},"content":{"rendered":"<h3 data-start=\"6127\" data-end=\"6146\"><strong data-start=\"6131\" data-end=\"6146\">Introduktion<\/strong><\/h3>\n<p data-start=\"6148\" data-end=\"6467\"><strong data-start=\"6148\" data-end=\"6172\">1cP-LSD 10 \u00b5g pellets<\/strong> (1-cyclopropionyl-lysergsyre-diethylamid) er <strong data-start=\"6224\" data-end=\"6271\">Forskningsstoffer af analytisk kvalitet<\/strong>, specielt udviklet til <strong data-start=\"6298\" data-end=\"6352\">videnskabelig, kemisk og retsmedicinsk forskning<\/strong>. 1cP-LSD 10\u00b5g pellets<br data-start=\"6353\" data-end=\"6356\" \/>Denne forbindelse h\u00f8rer til <strong data-start=\"6387\" data-end=\"6409\">lysergamid-familien<\/strong> og er strukturelt besl\u00e6gtet med <strong data-start=\"6440\" data-end=\"6450\">1P-LSD<\/strong> og <strong data-start=\"6454\" data-end=\"6464\">LSD-25<\/strong>.<\/p>\n<p data-start=\"6469\" data-end=\"6697\">Hver pille indeholder <strong data-start=\"6487\" data-end=\"6508\">10 mikrogram (\u00b5g)<\/strong> 1cP-LSD med en renhed p\u00e5 <strong data-start=\"6540\" data-end=\"6548\">\u226599%<\/strong>, produceret under <strong data-start=\"6569\" data-end=\"6610\">GLP-standarder (god laboratoriepraksis)<\/strong>.<br data-start=\"6611\" data-end=\"6614\" \/>Ideel til <strong data-start=\"6626\" data-end=\"6694\">Kromatografiske, spektroskopiske og receptororienterede analyser<\/strong>.<\/p>\n<blockquote data-start=\"6699\" data-end=\"6843\">\n<p data-start=\"6701\" data-end=\"6843\">\u26a0\ufe0f <strong data-start=\"6704\" data-end=\"6715\">Bem\u00e6rk:<\/strong> Dette produkt er <strong data-start=\"6731\" data-end=\"6781\">udelukkende beregnet til laboratorietest<\/strong> og <strong data-start=\"6785\" data-end=\"6842\">ikke egnet til menneske- eller dyrefoder<\/strong>.<\/p>\n<\/blockquote>\n<hr data-start=\"6845\" data-end=\"6848\" \/>\n<h3 data-start=\"6850\" data-end=\"6881\"><strong data-start=\"6854\" data-end=\"6881\">Vigtige funktioner<\/strong><\/h3>\n<ul data-start=\"6883\" data-end=\"7316\">\n<li data-start=\"6883\" data-end=\"6949\">\n<p data-start=\"6885\" data-end=\"6949\"><strong data-start=\"6885\" data-end=\"6917\">H\u00f8j analytisk renhed:<\/strong> \u226599%, testet ved hj\u00e6lp af HPLC og NMR.<\/p>\n<\/li>\n<li data-start=\"6950\" data-end=\"7019\">\n<p data-start=\"6952\" data-end=\"7019\"><strong data-start=\"6952\" data-end=\"6975\">Pr\u00e6cision i mikrodoser:<\/strong> Hver pille indeholder pr\u00e6cis <strong data-start=\"7000\" data-end=\"7016\">10 \u00b5g 1cP-LSD<\/strong>.<\/p>\n<\/li>\n<li data-start=\"7020\" data-end=\"7086\">\n<p data-start=\"7022\" data-end=\"7086\"><strong data-start=\"7022\" data-end=\"7043\">Kemisk stabil:<\/strong> Modstandsdygtig over for nedbrydning ved korrekt opbevaring.<\/p>\n<\/li>\n<li data-start=\"7087\" data-end=\"7158\">\n<p data-start=\"7089\" data-end=\"7158\"><strong data-start=\"7089\" data-end=\"7107\">GLP-produktion:<\/strong> Produceret efter strenge laboratoriestandarder.<\/p>\n<\/li>\n<li data-start=\"7159\" data-end=\"7236\">\n<p data-start=\"7161\" data-end=\"7236\"><strong data-start=\"7161\" data-end=\"7178\">Batch-testet:<\/strong> Hvert parti kontrolleres for identitet og konsistens.<\/p>\n<\/li>\n<li data-start=\"7237\" data-end=\"7316\">\n<p data-start=\"7239\" data-end=\"7316\"><strong data-start=\"7239\" data-end=\"7262\">Sikker indpakning:<\/strong> Luftt\u00e6t og forseglet for optimal holdbarhed.<\/p>\n<\/li>\n<\/ul>\n<hr data-start=\"7318\" data-end=\"7321\" \/>\n<h3 data-start=\"7323\" data-end=\"7340\"><strong data-start=\"7327\" data-end=\"7340\">Fordele<\/strong><\/h3>\n<ol data-start=\"7342\" data-end=\"7772\">\n<li data-start=\"7342\" data-end=\"7454\">\n<p data-start=\"7345\" data-end=\"7454\"><strong data-start=\"7345\" data-end=\"7382\">Ideel til analytisk forskning:<\/strong> Velegnet til <strong data-start=\"7397\" data-end=\"7451\">kromatografi, spektroskopi og receptortestning<\/strong>.<\/p>\n<\/li>\n<li data-start=\"7455\" data-end=\"7544\">\n<p data-start=\"7458\" data-end=\"7544\"><strong data-start=\"7458\" data-end=\"7487\">Mikrodoseringsn\u00f8jagtighed:<\/strong> Pr\u00e6cis dosering p\u00e5 10 \u00b5g til mikrodoseringsstudier.<\/p>\n<\/li>\n<li data-start=\"7545\" data-end=\"7625\">\n<p data-start=\"7548\" data-end=\"7625\"><strong data-start=\"7548\" data-end=\"7575\">Stabilitet p\u00e5 lang sigt:<\/strong> Modstandsdygtig over for lys og fugt ved korrekt opbevaring.<\/p>\n<\/li>\n<li data-start=\"7626\" data-end=\"7705\">\n<p data-start=\"7629\" data-end=\"7705\"><strong data-start=\"7629\" data-end=\"7657\">Professionel kvalitet:<\/strong> Designet til videnskabelige laboratorier.<\/p>\n<\/li>\n<li data-start=\"7706\" data-end=\"7772\">\n<p data-start=\"7709\" data-end=\"7772\"><strong data-start=\"7709\" data-end=\"7736\">P\u00e5lidelige resultater:<\/strong> H\u00f8j konsistens mellem partierne.<\/p>\n<\/li>\n<\/ol>\n<hr data-start=\"7774\" data-end=\"7777\" \/>\n<h3 data-start=\"7779\" data-end=\"7818\"><strong data-start=\"7783\" data-end=\"7818\">Anvendelse (kun forskning)<\/strong><\/h3>\n<ol data-start=\"7820\" data-end=\"8192\">\n<li data-start=\"7820\" data-end=\"7897\">\n<p data-start=\"7823\" data-end=\"7897\"><strong data-start=\"7823\" data-end=\"7854\">Brug beskyttelsest\u00f8j:<\/strong> Handsker, sikkerhedsbriller og kittel.<\/p>\n<\/li>\n<li data-start=\"7898\" data-end=\"7966\">\n<p data-start=\"7901\" data-end=\"7966\"><strong data-start=\"7901\" data-end=\"7940\">Brug i kontrollerede omgivelser:<\/strong> Arbejd rent og sterilt.<\/p>\n<\/li>\n<li data-start=\"7967\" data-end=\"8048\">\n<p data-start=\"7970\" data-end=\"8048\"><strong data-start=\"7970\" data-end=\"7997\">Bem\u00e6rk batchinformation:<\/strong> Registrer batchnummer og eksperimentelle detaljer.<\/p>\n<\/li>\n<li data-start=\"8049\" data-end=\"8127\">\n<p data-start=\"8052\" data-end=\"8127\"><strong data-start=\"8052\" data-end=\"8089\">Brug kalibreret udstyr:<\/strong> Til n\u00f8jagtig mikrogramsanalyse.<\/p>\n<\/li>\n<li data-start=\"8128\" data-end=\"8192\">\n<p data-start=\"8131\" data-end=\"8192\"><strong data-start=\"8131\" data-end=\"8158\">Bortskaf affald p\u00e5 en sikker m\u00e5de:<\/strong> F\u00f8lg sikkerhedsreglerne.<\/p>\n<\/li>\n<\/ol>\n<blockquote data-start=\"8194\" data-end=\"8279\">\n<p data-start=\"8196\" data-end=\"8279\">\u2697\ufe0f <strong data-start=\"8199\" data-end=\"8279\">Kun til laboratorietest - ikke til konsum.<\/strong><\/p>\n<\/blockquote>\n<hr data-start=\"8281\" data-end=\"8284\" \/>\n<h3 data-start=\"8286\" data-end=\"8311\"><strong data-start=\"8290\" data-end=\"8311\">Instruktioner til opbevaring<\/strong><\/h3>\n<ul data-start=\"8313\" data-end=\"8498\">\n<li data-start=\"8313\" data-end=\"8355\">\n<p data-start=\"8315\" data-end=\"8355\">Spar p\u00e5 <strong data-start=\"8326\" data-end=\"8335\">2-8\u00b0C<\/strong>, t\u00f8r og m\u00f8rk.<\/p>\n<\/li>\n<li data-start=\"8356\" data-end=\"8392\">\n<p data-start=\"8358\" data-end=\"8392\">Hold beholderen t\u00e6t lukket.<\/p>\n<\/li>\n<li data-start=\"8393\" data-end=\"8438\">\n<p data-start=\"8395\" data-end=\"8438\">Beskyt mod <strong data-start=\"8410\" data-end=\"8435\">lys, fugt og varme<\/strong>.<\/p>\n<\/li>\n<li data-start=\"8439\" data-end=\"8498\">\n<p data-start=\"8441\" data-end=\"8498\">Kun tilg\u00e6ngeligt for autoriseret laboratoriepersonale.<\/p>\n<\/li>\n<\/ul>\n<hr data-start=\"8500\" data-end=\"8503\" \/>\n<h3 data-start=\"8505\" data-end=\"8540\"><strong data-start=\"8509\" data-end=\"8540\">Ofte stillede sp\u00f8rgsm\u00e5l (FAQ)<\/strong><\/h3>\n<p data-start=\"8542\" data-end=\"8708\"><strong data-start=\"8542\" data-end=\"8586\">1. Hvad bruges 1cP-LSD 10\u00b5g til?<\/strong><br data-start=\"8586\" data-end=\"8589\" \/>For <strong data-start=\"8594\" data-end=\"8638\">videnskabelig og analytisk forskning<\/strong>, med fokus p\u00e5 <strong data-start=\"8651\" data-end=\"8676\">lysergamid-derivater<\/strong> og <strong data-start=\"8680\" data-end=\"8705\">Analyse af mikrodosering<\/strong>.<\/p>\n<p data-start=\"8710\" data-end=\"8905\"><strong data-start=\"8710\" data-end=\"8753\">2. Er 1cP-LSD egnet til indtagelse?<\/strong><br data-start=\"8753\" data-end=\"8756\" \/>Nej. <strong data-start=\"8761\" data-end=\"8785\">1cP-LSD 10 \u00b5g pellets<\/strong> dens <strong data-start=\"8791\" data-end=\"8841\">udelukkende beregnet til laboratorietest<\/strong> og <strong data-start=\"8845\" data-end=\"8902\">ikke egnet til menneske- eller dyrefoder<\/strong>.<\/p>\n<p data-start=\"8907\" data-end=\"9043\"><strong data-start=\"8907\" data-end=\"8946\">3. Hvad er den bedste m\u00e5de at opbevare 1cP-LSD p\u00e5?<\/strong><br data-start=\"8946\" data-end=\"8949\" \/>Opbevar p\u00e5 en <strong data-start=\"8963\" data-end=\"9005\">k\u00f8ligt, t\u00f8rt og m\u00f8rkt sted (2-8\u00b0C)<\/strong>, i en <strong data-start=\"9014\" data-end=\"9040\">luftt\u00e6t emballage<\/strong>.<\/p>\n<hr data-start=\"9045\" data-end=\"9048\" \/>\n<h3 data-start=\"9050\" data-end=\"9067\"><strong data-start=\"9054\" data-end=\"9067\">Konklusion<\/strong><\/h3>\n<p data-start=\"9069\" data-end=\"9360\"><strong data-start=\"9069\" data-end=\"9105\">1cP-LSD 10\u00b5g pellets (mikrodosis)<\/strong> dens <strong data-start=\"9111\" data-end=\"9152\">Analytiske forbindelser af h\u00f8j kvalitet<\/strong>, ideel til <strong data-start=\"9166\" data-end=\"9202\">retsmedicinsk og kemisk unders\u00f8gelse<\/strong>.<br data-start=\"9203\" data-end=\"9206\" \/>Deres <strong data-start=\"9210\" data-end=\"9249\">Mikrodosis-pr\u00e6cision, h\u00f8j renhed<\/strong> og <strong data-start=\"9253\" data-end=\"9270\">GLP-produktion<\/strong> g\u00f8r dem til et p\u00e5lideligt valg for laboratorier, der <strong data-start=\"9323\" data-end=\"9347\">lysergamid-analyser<\/strong> udf\u00f8re.<\/p>","protected":false},"excerpt":{"rendered":"<h3><span data-sheets-value=\"{\"><span dir=\"auto\" style=\"vertical-align: inherit;\"><span dir=\"auto\" style=\"vertical-align: inherit;\">1cP-LSD-piller<\/span><\/span><\/span><span dir=\"auto\" style=\"vertical-align: inherit;\"><span dir=\"auto\" style=\"vertical-align: inherit;\"> Properties<\/span><\/span><\/h3>\n<p><strong><span dir=\"auto\" style=\"vertical-align: inherit;\"><span dir=\"auto\" style=\"vertical-align: inherit;\">Synonym:<\/span><\/span><\/strong><span dir=\"auto\" style=\"vertical-align: inherit;\"><span dir=\"auto\" style=\"vertical-align: inherit;\"> 1-cyclopropanecarbonyl-lysergic acid diethylamide hemi-L-tartrate <\/span><\/span><br \/>\n<strong><span dir=\"auto\" style=\"vertical-align: inherit;\"><span dir=\"auto\" style=\"vertical-align: inherit;\">CAS Number:<\/span><\/span><\/strong><span dir=\"auto\" style=\"vertical-align: inherit;\"><span dir=\"auto\" style=\"vertical-align: inherit;\"> N\/A <\/span><\/span><br \/>\n<strong><span dir=\"auto\" style=\"vertical-align: inherit;\"><span dir=\"auto\" style=\"vertical-align: inherit;\">Formula:<\/span><\/span><\/strong><span dir=\"auto\" style=\"vertical-align: inherit;\"><span dir=\"auto\" style=\"vertical-align: inherit;\"> (8\u03b2)-1-cyclopropionyl-N,N-diethyl-6-methyl-9,10-didehydroergoline-8-carboxamide hemi-L-tartrate <\/span><\/span><br \/>\n<strong><span dir=\"auto\" style=\"vertical-align: inherit;\"><span dir=\"auto\" style=\"vertical-align: inherit;\">Mole mass:<\/span><\/span><\/strong><span dir=\"auto\" style=\"vertical-align: inherit;\"><span dir=\"auto\" style=\"vertical-align: inherit;\"> 466.4 g\/mol <\/span><\/span><br \/>\n<strong><span dir=\"auto\" style=\"vertical-align: inherit;\"><span dir=\"auto\" style=\"vertical-align: inherit;\">Purity:<\/span><\/span><\/strong><span dir=\"auto\" style=\"vertical-align: inherit;\"><span dir=\"auto\" style=\"vertical-align: inherit;\"> &gt;97%<\/span><\/span><\/p>","protected":false},"featured_media":16800,"comment_status":"closed","ping_status":"closed","template":"","meta":[],"product_brand":[],"product_cat":[145,394,46,71],"product_tag":[248,22],"class_list":{"0":"post-730","1":"product","2":"type-product","3":"status-publish","4":"has-post-thumbnail","6":"product_cat-1cp-lsd-kopen","7":"product_cat-1cp-lsd-pellets","8":"product_cat-lysergamides","9":"product_cat-pellets","10":"product_tag-1cp-lsd","11":"product_tag-nl","13":"first","14":"instock","15":"shipping-taxable","16":"purchasable","17":"product-type-variable"},"_links":{"self":[{"href":"https:\/\/researchchemicals.eu\/da\/wp-json\/wp\/v2\/product\/730","targetHints":{"allow":["GET"]}}],"collection":[{"href":"https:\/\/researchchemicals.eu\/da\/wp-json\/wp\/v2\/product"}],"about":[{"href":"https:\/\/researchchemicals.eu\/da\/wp-json\/wp\/v2\/types\/product"}],"replies":[{"embeddable":true,"href":"https:\/\/researchchemicals.eu\/da\/wp-json\/wp\/v2\/comments?post=730"}],"version-history":[{"count":2,"href":"https:\/\/researchchemicals.eu\/da\/wp-json\/wp\/v2\/product\/730\/revisions"}],"predecessor-version":[{"id":16672,"href":"https:\/\/researchchemicals.eu\/da\/wp-json\/wp\/v2\/product\/730\/revisions\/16672"}],"wp:featuredmedia":[{"embeddable":true,"href":"https:\/\/researchchemicals.eu\/da\/wp-json\/wp\/v2\/media\/16800"}],"wp:attachment":[{"href":"https:\/\/researchchemicals.eu\/da\/wp-json\/wp\/v2\/media?parent=730"}],"wp:term":[{"taxonomy":"product_brand","embeddable":true,"href":"https:\/\/researchchemicals.eu\/da\/wp-json\/wp\/v2\/product_brand?post=730"},{"taxonomy":"product_cat","embeddable":true,"href":"https:\/\/researchchemicals.eu\/da\/wp-json\/wp\/v2\/product_cat?post=730"},{"taxonomy":"product_tag","embeddable":true,"href":"https:\/\/researchchemicals.eu\/da\/wp-json\/wp\/v2\/product_tag?post=730"}],"curies":[{"name":"wp","href":"https:\/\/api.w.org\/{rel}","templated":true}]}}