{"id":1609,"date":"2026-02-09T11:57:05","date_gmt":"2026-02-09T11:57:05","guid":{"rendered":"https:\/\/researchchemicals.eu\/?post_type=product&#038;p=1609"},"modified":"2026-02-20T15:53:01","modified_gmt":"2026-02-20T15:53:01","slug":"flubromazepam","status":"publish","type":"product","link":"https:\/\/researchchemicals.eu\/cs\/produkt\/flubromazepam\/","title":{"rendered":"Flubromazepam 8 MG Pellets"},"content":{"rendered":"<h3 data-start=\"4025\" data-end=\"4044\"><strong data-start=\"4029\" data-end=\"4044\">\u00davod<\/strong><\/h3>\n<p data-start=\"4045\" data-end=\"4302\"><span class=\"___SBox_4905a-ko_ ___SText_1ifhk-ko_\" data-ui-name=\"Link.Text\">flubromazepam kopen<\/span>, Onze <strong data-start=\"4050\" data-end=\"4076\">8 mg onderzoekspellets<\/strong> zijn zorgvuldig ontwikkeld voor <strong data-start=\"4109\" data-end=\"4160\">analytisch, forensisch en laboratoriumonderzoek<\/strong>. <span dir=\"auto\" style=\"vertical-align: inherit;\">Flubromazepam<\/span><br data-start=\"4161\" data-end=\"4164\" \/>Ka\u017ed\u00e1 peleta se vyr\u00e1b\u00ed pod <strong data-start=\"4201\" data-end=\"4239\">p\u0159\u00edsn\u00e9 laboratorn\u00ed podm\u00ednky<\/strong>, wat zorgt voor <strong data-start=\"4256\" data-end=\"4299\">zuiverheid, consistentie en stabiliteit<\/strong>.<\/p>\n<p data-start=\"4304\" data-end=\"4537\">Deze pellets zijn bedoeld voor professionele onderzoekers en wetenschappelijke instellingen en bieden <strong data-start=\"4406\" data-end=\"4448\">precisie en reproduceerbare resultaten<\/strong>. Ze zijn ideaal voor <strong data-start=\"4470\" data-end=\"4534\">kalibratie, kwantitatieve testen en forensische toepassingen<\/strong>.<\/p>\n<blockquote data-start=\"4538\" data-end=\"4647\">\n<p data-start=\"4540\" data-end=\"4647\">\u26a0\ufe0f <strong data-start=\"4543\" data-end=\"4647\">Ur\u010deno pouze pro laboratorn\u00ed pou\u017eit\u00ed. Nevhodn\u00e9 pro lidskou spot\u0159ebu ani pro zv\u00ed\u0159ata.<\/strong><\/p>\n<\/blockquote>\n<h3 data-start=\"4654\" data-end=\"4685\"><strong data-start=\"4658\" data-end=\"4685\">Kl\u00ed\u010dov\u00e9 vlastnosti<\/strong><\/h3>\n<ul data-start=\"4686\" data-end=\"5205\">\n<li data-start=\"4686\" data-end=\"4756\">\n<p data-start=\"4688\" data-end=\"4756\"><strong data-start=\"4688\" data-end=\"4714\">Vysok\u00e1 \u010distota (\u226599%)<\/strong> - Nez\u00e1visle testov\u00e1no a ov\u011b\u0159eno.<\/p>\n<\/li>\n<li data-start=\"4757\" data-end=\"4843\">\n<p data-start=\"4759\" data-end=\"4843\"><strong data-start=\"4759\" data-end=\"4800\">Precieze Dosering van 8 mg per Pellet<\/strong> \u2013 Voor consistente onderzoeksresultaten.<\/p>\n<\/li>\n<li data-start=\"4844\" data-end=\"4927\">\n<p data-start=\"4846\" data-end=\"4927\"><strong data-start=\"4846\" data-end=\"4882\">Stabiln\u00ed chemick\u00e9 slo\u017een\u00ed<\/strong> \u2013 Behoudt integriteit bij correcte opslag.<\/p>\n<\/li>\n<li data-start=\"4928\" data-end=\"5015\">\n<p data-start=\"4930\" data-end=\"5015\"><strong data-start=\"4930\" data-end=\"4979\">Geproduceerd onder Strikte Kwaliteitscontrole<\/strong> \u2013 In gecertificeerde laboratoria.<\/p>\n<\/li>\n<li data-start=\"5016\" data-end=\"5105\">\n<p data-start=\"5018\" data-end=\"5105\"><strong data-start=\"5018\" data-end=\"5045\">Ochrann\u00e9 obaly<\/strong> \u2013 Luchtdicht en lichtbestendig voor langdurige kwaliteit.<\/p>\n<\/li>\n<li data-start=\"5106\" data-end=\"5205\">\n<p data-start=\"5108\" data-end=\"5205\"><strong data-start=\"5108\" data-end=\"5141\">Alleen voor Onderzoeksgebruik<\/strong> \u2013 Ontworpen voor analytische en wetenschappelijke doeleinden. <span dir=\"auto\" style=\"vertical-align: inherit;\">Flubromazepam<\/span><\/p>\n<\/li>\n<\/ul>\n<h3 data-start=\"5212\" data-end=\"5229\"><strong data-start=\"5216\" data-end=\"5229\">V\u00fdhody<\/strong><\/h3>\n<ul data-start=\"5230\" data-end=\"5643\">\n<li data-start=\"5230\" data-end=\"5314\">\n<p data-start=\"5232\" data-end=\"5314\"><strong data-start=\"5232\" data-end=\"5268\">Betrouwbare Onderzoeksresultaten<\/strong> \u2013 Voor reproduceerbare en nauwkeurige data.<\/p>\n<\/li>\n<li data-start=\"5315\" data-end=\"5392\">\n<p data-start=\"5317\" data-end=\"5392\"><strong data-start=\"5317\" data-end=\"5338\">Lange Stabiliteit<\/strong> \u2013 Chemisch stabiel bij juiste opslagomstandigheden.<\/p>\n<\/li>\n<li data-start=\"5393\" data-end=\"5484\">\n<p data-start=\"5395\" data-end=\"5484\"><strong data-start=\"5395\" data-end=\"5419\">Eticky vyroben\u00e9<\/strong> \u2013 Voldoet aan internationale veiligheids- en kwaliteitsnormen.<\/p>\n<\/li>\n<li data-start=\"5485\" data-end=\"5560\">\n<p data-start=\"5487\" data-end=\"5560\"><strong data-start=\"5487\" data-end=\"5510\">Gebruiksvriendelijk<\/strong> \u2013 De pelletvorm vermindert besmettingsrisico\u2019s.<\/p>\n<\/li>\n<li data-start=\"5561\" data-end=\"5643\">\n<p data-start=\"5563\" data-end=\"5643\"><strong data-start=\"5563\" data-end=\"5590\">Professionele Kwaliteit<\/strong> \u2013 Voldoet aan analytische laboratoriumstandaarden.<\/p>\n<\/li>\n<\/ul>\n<h3 data-start=\"5650\" data-end=\"5665\"><strong data-start=\"5654\" data-end=\"5665\">Pou\u017eijte<\/strong><\/h3>\n<ol data-start=\"5666\" data-end=\"6092\">\n<li data-start=\"5666\" data-end=\"5767\">\n<p data-start=\"5669\" data-end=\"5767\"><strong data-start=\"5669\" data-end=\"5704\">Pouze pro laboratorn\u00ed pou\u017eit\u00ed<\/strong> \u2013 Gebruik uitsluitend binnen erkende onderzoeksfaciliteiten.<\/p>\n<\/li>\n<li data-start=\"5768\" data-end=\"5835\">\n<p data-start=\"5771\" data-end=\"5835\"><strong data-start=\"5771\" data-end=\"5781\">\u00dalo\u017ei\u0161t\u011b<\/strong> - Ulo\u017eit na <strong data-start=\"5798\" data-end=\"5832\">chladn\u00e9, such\u00e9 a tmav\u00e9 m\u00edsto<\/strong>.<\/p>\n<\/li>\n<li data-start=\"5836\" data-end=\"5920\">\n<p data-start=\"5839\" data-end=\"5920\"><strong data-start=\"5839\" data-end=\"5856\">Bezpe\u010dn\u00e1 pr\u00e1ce<\/strong> \u2013 Draag handschoenen, veiligheidsbril en een laboratoriumjas.<\/p>\n<\/li>\n<li data-start=\"5921\" data-end=\"6002\">\n<p data-start=\"5924\" data-end=\"6002\"><strong data-start=\"5924\" data-end=\"5936\">M\u011b\u0159en\u00ed<\/strong> \u2013 Gebruik gekalibreerde apparatuur voor nauwkeurige resultaten.<\/p>\n<\/li>\n<li data-start=\"6003\" data-end=\"6092\">\n<p data-start=\"6006\" data-end=\"6092\"><strong data-start=\"6006\" data-end=\"6033\">Veiligheidswaarschuwing<\/strong> - Nevhodn\u00e9 ke konzumaci lidmi ani zv\u00ed\u0159aty.<\/p>\n<\/li>\n<\/ol>\n<h3 data-start=\"6099\" data-end=\"6126\"><strong data-start=\"6103\" data-end=\"6126\">\u010casto kladen\u00e9 ot\u00e1zky<\/strong><\/h3>\n<p data-start=\"6128\" data-end=\"6312\"><strong data-start=\"6128\" data-end=\"6183\">1. Waarvoor worden 8 mg onderzoekspellets gebruikt?<\/strong><br data-start=\"6183\" data-end=\"6186\" \/>Pou\u017e\u00edvaj\u00ed se pro <strong data-start=\"6210\" data-end=\"6254\">wetenschappelijk en analytisch onderzoek<\/strong>, waaronder kalibratie en chemische vergelijkingstesten.<\/p>\n<p data-start=\"6314\" data-end=\"6476\"><strong data-start=\"6314\" data-end=\"6381\">2. Lze tyto pelety pou\u017e\u00edt mimo laborato\u0159?<\/strong><br data-start=\"6381\" data-end=\"6384\" \/>Ne. Tyto produkty jsou <strong data-start=\"6409\" data-end=\"6473\">ur\u010den\u00e9 v\u00fdhradn\u011b pro profesion\u00e1ln\u00ed laboratorn\u00ed v\u00fdzkum<\/strong>.<\/p>\n<p data-start=\"6478\" data-end=\"6624\"><strong data-start=\"6478\" data-end=\"6522\">3. Jak by m\u011bly b\u00fdt pelety skladov\u00e1ny?<\/strong><br data-start=\"6522\" data-end=\"6525\" \/>Udr\u017eujte je v jejich <strong data-start=\"6542\" data-end=\"6579\">origin\u00e1ln\u00ed, vzduchot\u011bsn\u00e9 balen\u00ed<\/strong> na <strong data-start=\"6587\" data-end=\"6621\">chladn\u00e9, such\u00e9 a tmav\u00e9 m\u00edsto<\/strong>.<\/p>\n<h3 data-start=\"6631\" data-end=\"6649\"><strong data-start=\"6635\" data-end=\"6649\">Odm\u00edtnut\u00ed odpov\u011bdnosti<\/strong><\/h3>\n<p data-start=\"6650\" data-end=\"6882\">Tento produkt je <strong data-start=\"6665\" data-end=\"6714\">ur\u010deno pouze pro v\u00fdzkumn\u00e9 \u00fa\u010dely<\/strong>. <strong data-start=\"6716\" data-end=\"6774\">Nevhodn\u00e9 ke konzumaci lidmi ani zv\u00ed\u0159aty.<\/strong><br data-start=\"6774\" data-end=\"6777\" \/>N\u00e1kupem potvrzujete, \u017ee spl\u0148ujete v\u0161echny platn\u00e9 bezpe\u010dnostn\u00ed a pr\u00e1vn\u00ed po\u017eadavky.<\/p>\n<p class=\"ds-markdown-paragraph\"><span dir=\"auto\" style=\"vertical-align: inherit;\"><span dir=\"auto\" style=\"vertical-align: inherit;\">, <\/span><\/span><a href=\"https:\/\/researchchemicals.eu\/cs\/shop\/iboga-ibogaine\/buy-ibogaine-hcl-online\/\"><span dir=\"auto\" style=\"vertical-align: inherit;\"><span dir=\"auto\" style=\"vertical-align: inherit;\">Buy Ibogaine HCL <\/span><\/span><\/a><a href=\"https:\/\/researchchemicals.eu\/cs\/shop\/iboga-ibogaine\/iboga-root-bark\/\"><span dir=\"auto\" style=\"vertical-align: inherit;\"><span dir=\"auto\" style=\"vertical-align: inherit;\">K\u016fra ko\u0159ene iboga <\/span><\/span><\/a><a href=\"https:\/\/researchchemicals.eu\/cs\/shop\/pellets\/o-dsmt-50mg-pellets\/\"><span dir=\"auto\" style=\"vertical-align: inherit;\"><span dir=\"auto\" style=\"vertical-align: inherit;\">O-DSMT 50mg Pellets <\/span><\/span><\/a><a href=\"https:\/\/researchchemicals.eu\/cs\/shop\/lysergamides\/1vlsd\/\"><span dir=\"auto\" style=\"vertical-align: inherit;\"><span dir=\"auto\" style=\"vertical-align: inherit;\">1V-LSD 150 MCG Blotters <\/span><\/span><\/a><a href=\"https:\/\/researchchemicals.eu\/cs\/shop\/lysergamides\/1cp-lsd\/\"><span dir=\"auto\" style=\"vertical-align: inherit;\"><span dir=\"auto\" style=\"vertical-align: inherit;\">1cP-LSD 150 MCG Art Blotters<\/span><\/span><\/a><\/p>","protected":false},"excerpt":{"rendered":"<h3><span data-sheets-value=\"{\" data-sheets-userformat=\"{\"><span dir=\"auto\" style=\"vertical-align: inherit;\"><span dir=\"auto\" style=\"vertical-align: inherit;\">Flubromazepam properties<\/span><\/span><\/span><\/h3>\n<p><strong><span dir=\"auto\" style=\"vertical-align: inherit;\"><span dir=\"auto\" style=\"vertical-align: inherit;\">Synonym:<\/span><\/span><\/strong><span dir=\"auto\" style=\"vertical-align: inherit;\"><span dir=\"auto\" style=\"vertical-align: inherit;\"> Flubromazepam <\/span><\/span><br \/>\n<strong><span dir=\"auto\" style=\"vertical-align: inherit;\"><span dir=\"auto\" style=\"vertical-align: inherit;\">CAS Number:<\/span><\/span><\/strong><span dir=\"auto\" style=\"vertical-align: inherit;\"><span dir=\"auto\" style=\"vertical-align: inherit;\"> 2647-50-9 <\/span><\/span><br \/>\n<strong><span dir=\"auto\" style=\"vertical-align: inherit;\"><span dir=\"auto\" style=\"vertical-align: inherit;\">Formula:<\/span><\/span><\/strong><span dir=\"auto\" style=\"vertical-align: inherit;\"><span dir=\"auto\" style=\"vertical-align: inherit;\"> 7-bromo-5-(2-fluorophenyl)-1,3-dihydro-2H-1,4-benzodiazepin-2-one <\/span><\/span><br \/>\n<strong><span dir=\"auto\" style=\"vertical-align: inherit;\"><span dir=\"auto\" style=\"vertical-align: inherit;\">Molar mass:<\/span><\/span><\/strong><span dir=\"auto\" style=\"vertical-align: inherit;\"><span dir=\"auto\" style=\"vertical-align: inherit;\"> 333.2 g\/mol <\/span><\/span><br \/>\n<strong><span dir=\"auto\" style=\"vertical-align: inherit;\"><span dir=\"auto\" style=\"vertical-align: inherit;\">Purity:<\/span><\/span><\/strong><span dir=\"auto\" style=\"vertical-align: inherit;\"><span dir=\"auto\" style=\"vertical-align: inherit;\"> &gt;98%<\/span><\/span><\/p>","protected":false},"featured_media":16986,"comment_status":"closed","ping_status":"closed","template":"","meta":[],"product_brand":[23],"product_cat":[74,153,534,71],"product_tag":[154,155,156,157,932,933,934,158,490,22],"class_list":{"0":"post-1609","1":"product","2":"type-product","3":"status-publish","4":"has-post-thumbnail","6":"product_brand-research-chemical","7":"product_cat-benzodiazepinen","8":"product_cat-flubromazepam","9":"product_cat-flubromazepam-pellets","10":"product_cat-pellets","11":"product_tag-flubromazepam","12":"product_tag-flubromazepam-effects","13":"product_tag-flubromazepam-ervaring","14":"product_tag-flubromazepam-halfwaardetijd","15":"product_tag-flubromazepam-kopen","16":"product_tag-flubromazepam-psychonaut","17":"product_tag-flubromazepam-slapen","18":"product_tag-flubromazepam-werking","19":"product_tag-how-to-test-flubromazepam-pellets","20":"product_tag-nl","22":"first","23":"instock","24":"shipping-taxable","25":"purchasable","26":"product-type-variable"},"_links":{"self":[{"href":"https:\/\/researchchemicals.eu\/cs\/wp-json\/wp\/v2\/product\/1609","targetHints":{"allow":["GET"]}}],"collection":[{"href":"https:\/\/researchchemicals.eu\/cs\/wp-json\/wp\/v2\/product"}],"about":[{"href":"https:\/\/researchchemicals.eu\/cs\/wp-json\/wp\/v2\/types\/product"}],"replies":[{"embeddable":true,"href":"https:\/\/researchchemicals.eu\/cs\/wp-json\/wp\/v2\/comments?post=1609"}],"version-history":[{"count":3,"href":"https:\/\/researchchemicals.eu\/cs\/wp-json\/wp\/v2\/product\/1609\/revisions"}],"predecessor-version":[{"id":16451,"href":"https:\/\/researchchemicals.eu\/cs\/wp-json\/wp\/v2\/product\/1609\/revisions\/16451"}],"wp:featuredmedia":[{"embeddable":true,"href":"https:\/\/researchchemicals.eu\/cs\/wp-json\/wp\/v2\/media\/16986"}],"wp:attachment":[{"href":"https:\/\/researchchemicals.eu\/cs\/wp-json\/wp\/v2\/media?parent=1609"}],"wp:term":[{"taxonomy":"product_brand","embeddable":true,"href":"https:\/\/researchchemicals.eu\/cs\/wp-json\/wp\/v2\/product_brand?post=1609"},{"taxonomy":"product_cat","embeddable":true,"href":"https:\/\/researchchemicals.eu\/cs\/wp-json\/wp\/v2\/product_cat?post=1609"},{"taxonomy":"product_tag","embeddable":true,"href":"https:\/\/researchchemicals.eu\/cs\/wp-json\/wp\/v2\/product_tag?post=1609"}],"curies":[{"name":"wp","href":"https:\/\/api.w.org\/{rel}","templated":true}]}}